{"id":887,"date":"2025-04-29T13:28:14","date_gmt":"2025-04-29T13:28:14","guid":{"rendered":"https:\/\/www.basiqdental.com\/?page_id=887"},"modified":"2026-01-20T12:15:33","modified_gmt":"2026-01-20T12:15:33","slug":"home","status":"publish","type":"page","link":"https:\/\/vh2019xxfmj-0.hosting-space.nl\/","title":{"rendered":"Home"},"content":{"rendered":"<p>[et_pb_section fb_built=&#8221;1&#8243; admin_label=&#8221;Header&#8221; _builder_version=&#8221;4.27.4&#8243; _module_preset=&#8221;default&#8221; background_color=&#8221;gcid-1cd7305f-fd20-421c-b36d-bb3da4e244c4&#8243; use_background_color_gradient=&#8221;on&#8221; background_color_gradient_type=&#8221;circular&#8221; background_color_gradient_stops=&#8221;rgba(247,242,239,0.8) 10%|rgba(255,255,255,0) 100%&#8221; background_color_gradient_overlays_image=&#8221;on&#8221; background_enable_image=&#8221;off&#8221; parallax=&#8221;on&#8221; custom_margin=&#8221;||-258px|||&#8221; custom_padding=&#8221;8vw||8vw||true|false&#8221; collapsed=&#8221;on&#8221; global_colors_info=&#8221;{%22gcid-1cd7305f-fd20-421c-b36d-bb3da4e244c4%22:%91%22background_color%22%93}&#8221;][\/et_pb_section][et_pb_section fb_built=&#8221;1&#8243; admin_label=&#8221;Feature&#8221; _builder_version=&#8221;4.27.4&#8243; _module_preset=&#8221;default&#8221; background_color=&#8221;#ddf3fe&#8221; custom_padding=&#8221;0px||||false|false&#8221; collapsed=&#8221;on&#8221; global_colors_info=&#8221;{}&#8221;][et_pb_row column_structure=&#8221;1_3,1_3,1_3&#8243; _builder_version=&#8221;4.27.4&#8243; _module_preset=&#8221;default&#8221; custom_margin=&#8221;-6vw||||false|false&#8221; custom_padding=&#8221;0px||||false|false&#8221; global_colors_info=&#8221;{}&#8221;][et_pb_column type=&#8221;1_3&#8243; _builder_version=&#8221;4.27.4&#8243; _module_preset=&#8221;default&#8221; background_color=&#8221;gcid-f0ea3984-34c6-490b-8ec9-14422edca868&#8243; background_enable_image=&#8221;off&#8221; custom_padding=&#8221;40px|30px|40px|30px|true|true&#8221; custom_padding_tablet=&#8221;30px||30px||true|false&#8221; custom_padding_phone=&#8221;|20px||20px|false|true&#8221; custom_padding_last_edited=&#8221;on|desktop&#8221; box_shadow_style=&#8221;preset2&#8243; box_shadow_horizontal=&#8221;0px&#8221; box_shadow_vertical=&#8221;20px&#8221; box_shadow_blur=&#8221;40px&#8221; box_shadow_color=&#8221;rgba(0,0,0,0.12)&#8221; global_colors_info=&#8221;{%22gcid-f0ea3984-34c6-490b-8ec9-14422edca868%22:%91%22background_color%22,%22background_color%22%93}&#8221;][et_pb_image src=&#8221;https:\/\/www.basiqdental.com\/wp-content\/uploads\/2025\/04\/VlagNL-1.png&#8221; alt=&#8221;Basiq Dental Nederland&#8221; title_text=&#8221;Basiq Dental Nederland&#8221; align=&#8221;center&#8221; _builder_version=&#8221;4.27.4&#8243; _module_preset=&#8221;default&#8221; global_colors_info=&#8221;{}&#8221;][\/et_pb_image][et_pb_text _builder_version=&#8221;4.27.4&#8243; _module_preset=&#8221;cbce3437-a0fe-4396-a5a7-208b74dccfbe&#8221; text_orientation=&#8221;center&#8221; locked=&#8221;off&#8221; global_colors_info=&#8221;{}&#8221;]<\/p>\n<h5>Basiq Dental Nederland<\/h5>\n<p>[\/et_pb_text][et_pb_button button_url=&#8221;https:\/\/www.basiqdental.nl\/nl_NL\/&#8221; button_text=&#8221;Ga naar basiqdental.nl&#8221; button_alignment=&#8221;center&#8221; _builder_version=&#8221;4.27.4&#8243; _module_preset=&#8221;08e018ac-8827-4983-9a60-41f5bc3c72b7&#8243; button_bg_color=&#8221;gcid-f0ea3984-34c6-490b-8ec9-14422edca868&#8243; button_use_icon=&#8221;off&#8221; global_colors_info=&#8221;{%22gcid-3d77f18a-71d5-4051-b3de-cc8639fa0c6d%22:%91%22button_border_color%22,%22button_text_color%22,%22button_border_color%22,%22button_text_color%22%93,%22gcid-f0ea3984-34c6-490b-8ec9-14422edca868%22:%91%22button_bg_color%22%93}&#8221;][\/et_pb_button][\/et_pb_column][et_pb_column type=&#8221;1_3&#8243; _builder_version=&#8221;4.23.1&#8243; _module_preset=&#8221;default&#8221; background_color=&#8221;gcid-f0ea3984-34c6-490b-8ec9-14422edca868&#8243; custom_padding=&#8221;40px|30px|40px|30px|true|true&#8221; custom_padding_tablet=&#8221;30px||30px||true|false&#8221; custom_padding_phone=&#8221;|20px||20px|false|true&#8221; custom_padding_last_edited=&#8221;on|desktop&#8221; box_shadow_style=&#8221;preset2&#8243; box_shadow_horizontal=&#8221;0px&#8221; box_shadow_vertical=&#8221;20px&#8221; box_shadow_blur=&#8221;40px&#8221; box_shadow_color=&#8221;rgba(0,0,0,0.12)&#8221; global_colors_info=&#8221;{%22gcid-f0ea3984-34c6-490b-8ec9-14422edca868%22:%91%22background_color%22,%22background_color%22%93}&#8221;][et_pb_image src=&#8221;https:\/\/www.basiqdental.com\/wp-content\/uploads\/2025\/04\/VlagBE-1.png&#8221; alt=&#8221;Basiq Dental Belgi\u00eb&#8221; title_text=&#8221;Basiq Dental Belgi\u00eb&#8221; align=&#8221;center&#8221; _builder_version=&#8221;4.27.4&#8243; _module_preset=&#8221;default&#8221; global_colors_info=&#8221;{}&#8221;][\/et_pb_image][et_pb_text _builder_version=&#8221;4.27.4&#8243; _module_preset=&#8221;cbce3437-a0fe-4396-a5a7-208b74dccfbe&#8221; text_orientation=&#8221;center&#8221; locked=&#8221;off&#8221; global_colors_info=&#8221;{}&#8221;]<\/p>\n<h5>Basiq Dental Belgi\u00eb<\/h5>\n<p>[\/et_pb_text][et_pb_button button_url=&#8221;https:\/\/www.basiqdental.be\/nl_BE\/&#8221; button_text=&#8221;Ga naar basiqdental.be&#8221; button_alignment=&#8221;center&#8221; _builder_version=&#8221;4.27.4&#8243; _module_preset=&#8221;08e018ac-8827-4983-9a60-41f5bc3c72b7&#8243; button_use_icon=&#8221;off&#8221; global_colors_info=&#8221;{}&#8221;][\/et_pb_button][\/et_pb_column][et_pb_column type=&#8221;1_3&#8243; _builder_version=&#8221;4.23.1&#8243; _module_preset=&#8221;default&#8221; background_color=&#8221;gcid-f0ea3984-34c6-490b-8ec9-14422edca868&#8243; custom_padding=&#8221;40px|30px|40px|30px|true|true&#8221; custom_padding_tablet=&#8221;30px||30px||true|false&#8221; custom_padding_phone=&#8221;|20px||20px|false|true&#8221; custom_padding_last_edited=&#8221;on|desktop&#8221; box_shadow_style=&#8221;preset2&#8243; box_shadow_horizontal=&#8221;0px&#8221; box_shadow_vertical=&#8221;20px&#8221; box_shadow_blur=&#8221;40px&#8221; box_shadow_color=&#8221;rgba(0,0,0,0.12)&#8221; global_colors_info=&#8221;{%22gcid-f0ea3984-34c6-490b-8ec9-14422edca868%22:%91%22background_color%22%93}&#8221;][et_pb_image src=&#8221;https:\/\/www.basiqdental.com\/wp-content\/uploads\/2025\/04\/VlagBE-1.png&#8221; alt=&#8221;Basiq Dental Belgique&#8221; title_text=&#8221;Basiq Dental Belgique&#8221; align=&#8221;center&#8221; _builder_version=&#8221;4.27.4&#8243; _module_preset=&#8221;default&#8221; global_colors_info=&#8221;{}&#8221;][\/et_pb_image][et_pb_text _builder_version=&#8221;4.27.4&#8243; _module_preset=&#8221;cbce3437-a0fe-4396-a5a7-208b74dccfbe&#8221; text_orientation=&#8221;center&#8221; global_colors_info=&#8221;{}&#8221;]<\/p>\n<h5>Basiq Dental Belgique<\/h5>\n<p>[\/et_pb_text][et_pb_button button_url=&#8221;https:\/\/www.basiqdental.be\/fr_BE\/&#8221; button_text=&#8221;Allez sur basiqdental.be&#8221; button_alignment=&#8221;center&#8221; _builder_version=&#8221;4.27.4&#8243; _module_preset=&#8221;08e018ac-8827-4983-9a60-41f5bc3c72b7&#8243; button_use_icon=&#8221;off&#8221; global_colors_info=&#8221;{}&#8221;][\/et_pb_button][\/et_pb_column][\/et_pb_row][et_pb_row _builder_version=&#8221;4.27.4&#8243; _module_preset=&#8221;default&#8221; global_colors_info=&#8221;{}&#8221;][et_pb_column type=&#8221;4_4&#8243; _builder_version=&#8221;4.27.4&#8243; _module_preset=&#8221;default&#8221; global_colors_info=&#8221;{}&#8221;][\/et_pb_column][\/et_pb_row][et_pb_row column_structure=&#8221;1_3,1_3,1_3&#8243; _builder_version=&#8221;4.27.4&#8243; _module_preset=&#8221;default&#8221; custom_margin=&#8221;-6vw||||false|false&#8221; custom_padding=&#8221;0px||||false|false&#8221; global_colors_info=&#8221;{}&#8221;][et_pb_column type=&#8221;1_3&#8243; _builder_version=&#8221;4.27.4&#8243; _module_preset=&#8221;default&#8221; background_color=&#8221;gcid-f0ea3984-34c6-490b-8ec9-14422edca868&#8243; background_enable_image=&#8221;off&#8221; custom_padding=&#8221;40px|30px|40px|30px|true|true&#8221; custom_padding_tablet=&#8221;30px||30px||true|false&#8221; custom_padding_phone=&#8221;|20px||20px|false|true&#8221; custom_padding_last_edited=&#8221;on|desktop&#8221; box_shadow_style=&#8221;preset2&#8243; box_shadow_horizontal=&#8221;0px&#8221; box_shadow_vertical=&#8221;20px&#8221; box_shadow_blur=&#8221;40px&#8221; box_shadow_color=&#8221;rgba(0,0,0,0.12)&#8221; global_colors_info=&#8221;{%22gcid-f0ea3984-34c6-490b-8ec9-14422edca868%22:%91%22background_color%22,%22background_color%22%93}&#8221;][et_pb_image src=&#8221;https:\/\/www.basiqdental.com\/wp-content\/uploads\/2025\/04\/VlagDE-1.png&#8221; alt=&#8221;Basiq Dental Deutschland&#8221; title_text=&#8221;Basiq Dental Deutschland&#8221; align=&#8221;center&#8221; _builder_version=&#8221;4.27.4&#8243; _module_preset=&#8221;default&#8221; global_colors_info=&#8221;{}&#8221;][\/et_pb_image][et_pb_text _builder_version=&#8221;4.27.4&#8243; _module_preset=&#8221;cbce3437-a0fe-4396-a5a7-208b74dccfbe&#8221; text_orientation=&#8221;center&#8221; global_colors_info=&#8221;{}&#8221;]<\/p>\n<h5>Basiq Dental Deutschland<\/h5>\n<p>[\/et_pb_text][et_pb_button button_url=&#8221;https:\/\/www.basiqdental.de\/de_DE\/&#8221; button_text=&#8221;Gehen Sie zu basiqdental.de&#8221; button_alignment=&#8221;center&#8221; _builder_version=&#8221;4.27.4&#8243; _module_preset=&#8221;08e018ac-8827-4983-9a60-41f5bc3c72b7&#8243; button_use_icon=&#8221;off&#8221; global_colors_info=&#8221;{}&#8221;][\/et_pb_button][\/et_pb_column][et_pb_column type=&#8221;1_3&#8243; _builder_version=&#8221;4.23.1&#8243; _module_preset=&#8221;default&#8221; background_color=&#8221;gcid-f0ea3984-34c6-490b-8ec9-14422edca868&#8243; custom_padding=&#8221;40px|30px|40px|30px|true|true&#8221; custom_padding_tablet=&#8221;30px||30px||true|false&#8221; custom_padding_phone=&#8221;|20px||20px|false|true&#8221; custom_padding_last_edited=&#8221;on|desktop&#8221; box_shadow_style=&#8221;preset2&#8243; box_shadow_horizontal=&#8221;0px&#8221; box_shadow_vertical=&#8221;20px&#8221; box_shadow_blur=&#8221;40px&#8221; box_shadow_color=&#8221;rgba(0,0,0,0.12)&#8221; global_colors_info=&#8221;{%22gcid-f0ea3984-34c6-490b-8ec9-14422edca868%22:%91%22background_color%22,%22background_color%22%93}&#8221;][et_pb_image src=&#8221;https:\/\/www.basiqdental.com\/wp-content\/uploads\/2025\/04\/VlagAT.png&#8221; alt=&#8221;Basiq Dental \u00d6sterreich&#8221; title_text=&#8221;Basiq Dental \u00d6sterreich&#8221; align=&#8221;center&#8221; _builder_version=&#8221;4.27.4&#8243; _module_preset=&#8221;default&#8221; global_colors_info=&#8221;{}&#8221;][\/et_pb_image][et_pb_text _builder_version=&#8221;4.27.4&#8243; _module_preset=&#8221;cbce3437-a0fe-4396-a5a7-208b74dccfbe&#8221; text_orientation=&#8221;center&#8221; locked=&#8221;off&#8221; global_colors_info=&#8221;{}&#8221;]<\/p>\n<h5>Basiq Dental \u00d6sterreich<\/h5>\n<p>[\/et_pb_text][et_pb_button button_url=&#8221;https:\/\/www.basiq.at\/de_AT\/&#8221; button_text=&#8221;Gehen Sie zu basiq.at&#8221; button_alignment=&#8221;center&#8221; _builder_version=&#8221;4.27.4&#8243; _module_preset=&#8221;08e018ac-8827-4983-9a60-41f5bc3c72b7&#8243; button_use_icon=&#8221;off&#8221; global_colors_info=&#8221;{}&#8221;][\/et_pb_button][\/et_pb_column][et_pb_column type=&#8221;1_3&#8243; _builder_version=&#8221;4.23.1&#8243; _module_preset=&#8221;default&#8221; background_color=&#8221;gcid-f0ea3984-34c6-490b-8ec9-14422edca868&#8243; custom_padding=&#8221;40px|30px|40px|30px|true|true&#8221; custom_padding_tablet=&#8221;30px||30px||true|false&#8221; custom_padding_phone=&#8221;|20px||20px|false|true&#8221; custom_padding_last_edited=&#8221;on|desktop&#8221; box_shadow_style=&#8221;preset2&#8243; box_shadow_horizontal=&#8221;0px&#8221; box_shadow_vertical=&#8221;20px&#8221; box_shadow_blur=&#8221;40px&#8221; box_shadow_color=&#8221;rgba(0,0,0,0.12)&#8221; global_colors_info=&#8221;{%22gcid-f0ea3984-34c6-490b-8ec9-14422edca868%22:%91%22background_color%22%93}&#8221;][et_pb_image src=&#8221;https:\/\/www.basiqdental.com\/wp-content\/uploads\/2025\/04\/VlagDK-1.png&#8221; alt=&#8221;Basiq Dental Danmark&#8221; title_text=&#8221;Basiq Dental Danmark&#8221; align=&#8221;center&#8221; _builder_version=&#8221;4.27.4&#8243; _module_preset=&#8221;default&#8221; global_colors_info=&#8221;{}&#8221;][\/et_pb_image][et_pb_text _builder_version=&#8221;4.27.4&#8243; _module_preset=&#8221;cbce3437-a0fe-4396-a5a7-208b74dccfbe&#8221; text_orientation=&#8221;center&#8221; locked=&#8221;off&#8221; global_colors_info=&#8221;{}&#8221;]<\/p>\n<h5>Basiq Dental Danmark<\/h5>\n<p>[\/et_pb_text][et_pb_button button_url=&#8221;https:\/\/www.basiqdental.dk\/da_DK\/&#8221; button_text=&#8221;G\u00e5 til basiqdental.dk&#8221; button_alignment=&#8221;center&#8221; _builder_version=&#8221;4.27.4&#8243; _module_preset=&#8221;08e018ac-8827-4983-9a60-41f5bc3c72b7&#8243; button_use_icon=&#8221;off&#8221; global_colors_info=&#8221;{}&#8221;][\/et_pb_button][\/et_pb_column][\/et_pb_row][et_pb_row _builder_version=&#8221;4.27.4&#8243; _module_preset=&#8221;default&#8221; global_colors_info=&#8221;{}&#8221;][et_pb_column type=&#8221;4_4&#8243; _builder_version=&#8221;4.27.4&#8243; _module_preset=&#8221;default&#8221; global_colors_info=&#8221;{}&#8221;][\/et_pb_column][\/et_pb_row][et_pb_row column_structure=&#8221;1_3,1_3,1_3&#8243; _builder_version=&#8221;4.27.4&#8243; _module_preset=&#8221;default&#8221; custom_margin=&#8221;-6vw||||false|false&#8221; custom_padding=&#8221;0px||||false|false&#8221; global_colors_info=&#8221;{}&#8221;][et_pb_column type=&#8221;1_3&#8243; _builder_version=&#8221;4.27.4&#8243; _module_preset=&#8221;default&#8221; background_color=&#8221;gcid-f0ea3984-34c6-490b-8ec9-14422edca868&#8243; background_enable_image=&#8221;off&#8221; custom_padding=&#8221;40px|30px|40px|30px|true|true&#8221; custom_padding_tablet=&#8221;30px||30px||true|false&#8221; custom_padding_phone=&#8221;|20px||20px|false|true&#8221; custom_padding_last_edited=&#8221;on|desktop&#8221; box_shadow_style=&#8221;preset2&#8243; box_shadow_horizontal=&#8221;0px&#8221; box_shadow_vertical=&#8221;20px&#8221; box_shadow_blur=&#8221;40px&#8221; box_shadow_color=&#8221;rgba(0,0,0,0.12)&#8221; global_colors_info=&#8221;{%22gcid-f0ea3984-34c6-490b-8ec9-14422edca868%22:%91%22background_color%22,%22background_color%22%93}&#8221;][et_pb_image src=&#8221;https:\/\/www.basiqdental.com\/wp-content\/uploads\/2025\/04\/VlagIE.png&#8221; alt=&#8221;Basiq Dental Ireland&#8221; title_text=&#8221;Basiq Dental Ireland&#8221; align=&#8221;center&#8221; _builder_version=&#8221;4.27.4&#8243; _module_preset=&#8221;default&#8221; global_colors_info=&#8221;{}&#8221;][\/et_pb_image][et_pb_text _builder_version=&#8221;4.27.4&#8243; _module_preset=&#8221;cbce3437-a0fe-4396-a5a7-208b74dccfbe&#8221; text_orientation=&#8221;center&#8221; global_colors_info=&#8221;{}&#8221;]<\/p>\n<h5>Basiq Dental Ireland<\/h5>\n<p>[\/et_pb_text][et_pb_button button_url=&#8221;https:\/\/www.basiqdental.ie\/en_IE\/&#8221; button_text=&#8221;Go to basiqdental.ie&#8221; button_alignment=&#8221;center&#8221; _builder_version=&#8221;4.27.4&#8243; _module_preset=&#8221;08e018ac-8827-4983-9a60-41f5bc3c72b7&#8243; button_use_icon=&#8221;off&#8221; global_colors_info=&#8221;{}&#8221;][\/et_pb_button][\/et_pb_column][et_pb_column type=&#8221;1_3&#8243; _builder_version=&#8221;4.23.1&#8243; _module_preset=&#8221;default&#8221; background_color=&#8221;gcid-f0ea3984-34c6-490b-8ec9-14422edca868&#8243; custom_padding=&#8221;40px|30px|40px|30px|true|true&#8221; custom_padding_tablet=&#8221;30px||30px||true|false&#8221; custom_padding_phone=&#8221;|20px||20px|false|true&#8221; custom_padding_last_edited=&#8221;on|desktop&#8221; box_shadow_style=&#8221;preset2&#8243; box_shadow_horizontal=&#8221;0px&#8221; box_shadow_vertical=&#8221;20px&#8221; box_shadow_blur=&#8221;40px&#8221; box_shadow_color=&#8221;rgba(0,0,0,0.12)&#8221; global_colors_info=&#8221;{%22gcid-f0ea3984-34c6-490b-8ec9-14422edca868%22:%91%22background_color%22,%22background_color%22%93}&#8221;][et_pb_image src=&#8221;https:\/\/www.basiqdental.com\/wp-content\/uploads\/2025\/04\/VlagES.png&#8221; alt=&#8221;Basiq Dental Espa\u00f1a&#8221; title_text=&#8221;Basiq Dental Espa\u00f1a&#8221; align=&#8221;center&#8221; _builder_version=&#8221;4.27.4&#8243; _module_preset=&#8221;default&#8221; global_colors_info=&#8221;{}&#8221;][\/et_pb_image][et_pb_text _builder_version=&#8221;4.27.4&#8243; _module_preset=&#8221;cbce3437-a0fe-4396-a5a7-208b74dccfbe&#8221; text_orientation=&#8221;center&#8221; locked=&#8221;off&#8221; global_colors_info=&#8221;{}&#8221;]<\/p>\n<h5>Basiq Dental Espa\u00f1a<\/h5>\n<p>[\/et_pb_text][et_pb_button button_url=&#8221;https:\/\/www.basiqdental.es\/es_ES\/&#8221; button_text=&#8221;Ir a basiqdental.es&#8221; button_alignment=&#8221;center&#8221; _builder_version=&#8221;4.27.4&#8243; _module_preset=&#8221;08e018ac-8827-4983-9a60-41f5bc3c72b7&#8243; button_use_icon=&#8221;off&#8221; global_colors_info=&#8221;{}&#8221;][\/et_pb_button][\/et_pb_column][et_pb_column type=&#8221;1_3&#8243; _builder_version=&#8221;4.23.1&#8243; _module_preset=&#8221;default&#8221; background_color=&#8221;gcid-f0ea3984-34c6-490b-8ec9-14422edca868&#8243; custom_padding=&#8221;40px|30px|40px|30px|true|true&#8221; custom_padding_tablet=&#8221;30px||30px||true|false&#8221; custom_padding_phone=&#8221;|20px||20px|false|true&#8221; custom_padding_last_edited=&#8221;on|desktop&#8221; box_shadow_style=&#8221;preset2&#8243; box_shadow_horizontal=&#8221;0px&#8221; box_shadow_vertical=&#8221;20px&#8221; box_shadow_blur=&#8221;40px&#8221; box_shadow_color=&#8221;rgba(0,0,0,0.12)&#8221; global_colors_info=&#8221;{%22gcid-f0ea3984-34c6-490b-8ec9-14422edca868%22:%91%22background_color%22%93}&#8221;][et_pb_image src=&#8221;https:\/\/www.basiqdental.com\/wp-content\/uploads\/2025\/06\/vlag-Lu.png&#8221; alt=&#8221;Basiq Dental Luxembourg&#8221; title_text=&#8221;Basiq Dental Luxembourg&#8221; align=&#8221;center&#8221; _builder_version=&#8221;4.27.4&#8243; _module_preset=&#8221;default&#8221; global_colors_info=&#8221;{}&#8221;][\/et_pb_image][et_pb_text _builder_version=&#8221;4.27.4&#8243; _module_preset=&#8221;cbce3437-a0fe-4396-a5a7-208b74dccfbe&#8221; text_orientation=&#8221;center&#8221; locked=&#8221;off&#8221; global_colors_info=&#8221;{}&#8221;]<\/p>\n<h5>Basiq Dental Luxembourg<\/h5>\n<p>[\/et_pb_text][et_pb_button button_url=&#8221;https:\/\/www.basiqdental.lu\/fr_LU\/&#8221; button_text=&#8221;Allez sur basiqdental.lu&#8221; button_alignment=&#8221;center&#8221; _builder_version=&#8221;4.27.4&#8243; _module_preset=&#8221;08e018ac-8827-4983-9a60-41f5bc3c72b7&#8243; button_bg_color=&#8221;gcid-f0ea3984-34c6-490b-8ec9-14422edca868&#8243; button_use_icon=&#8221;off&#8221; global_colors_info=&#8221;{%22gcid-3d77f18a-71d5-4051-b3de-cc8639fa0c6d%22:%91%22button_border_color%22,%22button_text_color%22,%22button_border_color%22,%22button_text_color%22%93,%22gcid-f0ea3984-34c6-490b-8ec9-14422edca868%22:%91%22button_bg_color%22%93}&#8221;][\/et_pb_button][\/et_pb_column][\/et_pb_row][et_pb_row _builder_version=&#8221;4.27.4&#8243; _module_preset=&#8221;default&#8221; global_colors_info=&#8221;{}&#8221;][et_pb_column type=&#8221;4_4&#8243; _builder_version=&#8221;4.27.4&#8243; _module_preset=&#8221;default&#8221; global_colors_info=&#8221;{}&#8221;][\/et_pb_column][\/et_pb_row][et_pb_row column_structure=&#8221;1_3,1_3,1_3&#8243; _builder_version=&#8221;4.27.4&#8243; _module_preset=&#8221;default&#8221; custom_margin=&#8221;-6vw||||false|false&#8221; custom_padding=&#8221;0px||||false|false&#8221; global_colors_info=&#8221;{}&#8221;][et_pb_column type=&#8221;1_3&#8243; _builder_version=&#8221;4.27.4&#8243; _module_preset=&#8221;default&#8221; background_color=&#8221;gcid-f0ea3984-34c6-490b-8ec9-14422edca868&#8243; background_enable_image=&#8221;off&#8221; custom_padding=&#8221;40px|30px|40px|30px|true|true&#8221; custom_padding_tablet=&#8221;30px||30px||true|false&#8221; custom_padding_phone=&#8221;|20px||20px|false|true&#8221; custom_padding_last_edited=&#8221;on|desktop&#8221; box_shadow_style=&#8221;preset2&#8243; box_shadow_horizontal=&#8221;0px&#8221; box_shadow_vertical=&#8221;20px&#8221; box_shadow_blur=&#8221;40px&#8221; box_shadow_color=&#8221;rgba(0,0,0,0.12)&#8221; global_colors_info=&#8221;{%22gcid-f0ea3984-34c6-490b-8ec9-14422edca868%22:%91%22background_color%22,%22background_color%22%93}&#8221;][et_pb_image src=&#8221;https:\/\/www.basiqdental.com\/wp-content\/uploads\/2025\/07\/VlagSE.png&#8221; alt=&#8221;Basiq Dental Sverige&#8221; title_text=&#8221;Basiq Dental Sverige&#8221; align=&#8221;center&#8221; _builder_version=&#8221;4.27.4&#8243; _module_preset=&#8221;default&#8221; global_colors_info=&#8221;{}&#8221;][\/et_pb_image][et_pb_text _builder_version=&#8221;4.27.4&#8243; _module_preset=&#8221;cbce3437-a0fe-4396-a5a7-208b74dccfbe&#8221; text_orientation=&#8221;center&#8221; locked=&#8221;off&#8221; global_colors_info=&#8221;{}&#8221;]<\/p>\n<h5>Basiq Dental Sverige<\/h5>\n<p>[\/et_pb_text][et_pb_button button_url=&#8221;https:\/\/www.basiqdental.se\/sv_SE\/&#8221; button_text=&#8221;G\u00e5 till basiqdental.se&#8221; button_alignment=&#8221;center&#8221; _builder_version=&#8221;4.27.4&#8243; _module_preset=&#8221;08e018ac-8827-4983-9a60-41f5bc3c72b7&#8243; button_use_icon=&#8221;off&#8221; global_colors_info=&#8221;{}&#8221;][\/et_pb_button][\/et_pb_column][et_pb_column type=&#8221;1_3&#8243; _builder_version=&#8221;4.23.1&#8243; _module_preset=&#8221;default&#8221; background_color=&#8221;gcid-f0ea3984-34c6-490b-8ec9-14422edca868&#8243; custom_padding=&#8221;40px|30px|40px|30px|true|true&#8221; custom_padding_tablet=&#8221;30px||30px||true|false&#8221; custom_padding_phone=&#8221;|20px||20px|false|true&#8221; custom_padding_last_edited=&#8221;on|desktop&#8221; box_shadow_style=&#8221;preset2&#8243; box_shadow_horizontal=&#8221;0px&#8221; box_shadow_vertical=&#8221;20px&#8221; box_shadow_blur=&#8221;40px&#8221; box_shadow_color=&#8221;rgba(0,0,0,0.12)&#8221; global_colors_info=&#8221;{%22gcid-f0ea3984-34c6-490b-8ec9-14422edca868%22:%91%22background_color%22,%22background_color%22%93}&#8221;][et_pb_image src=&#8221;https:\/\/www.basiqdental.com\/wp-content\/uploads\/2025\/04\/VlagEU.png&#8221; alt=&#8221;Basiq Dental Rest of Europe&#8221; title_text=&#8221;Basiq Dental Rest of Europe&#8221; align=&#8221;center&#8221; _builder_version=&#8221;4.27.4&#8243; _module_preset=&#8221;default&#8221; global_colors_info=&#8221;{}&#8221;][\/et_pb_image][et_pb_text _builder_version=&#8221;4.27.4&#8243; _module_preset=&#8221;cbce3437-a0fe-4396-a5a7-208b74dccfbe&#8221; text_orientation=&#8221;center&#8221; locked=&#8221;off&#8221; global_colors_info=&#8221;{}&#8221;]<\/p>\n<h5>Basiq Dental Rest of Europe<\/h5>\n<p>[\/et_pb_text][et_pb_button button_url=&#8221;https:\/\/www.basiqdental.nl\/en_NL\/&#8221; button_text=&#8221;Go to basiqdental.nl&#8221; button_alignment=&#8221;center&#8221; _builder_version=&#8221;4.27.4&#8243; _module_preset=&#8221;08e018ac-8827-4983-9a60-41f5bc3c72b7&#8243; button_use_icon=&#8221;off&#8221; global_colors_info=&#8221;{}&#8221;][\/et_pb_button][\/et_pb_column][et_pb_column type=&#8221;1_3&#8243; _builder_version=&#8221;4.23.1&#8243; _module_preset=&#8221;default&#8221; background_color=&#8221;gcid-f0ea3984-34c6-490b-8ec9-14422edca868&#8243; custom_padding=&#8221;40px|30px|40px|30px|true|true&#8221; custom_padding_tablet=&#8221;30px||30px||true|false&#8221; custom_padding_phone=&#8221;|20px||20px|false|true&#8221; custom_padding_last_edited=&#8221;on|desktop&#8221; box_shadow_style=&#8221;preset2&#8243; box_shadow_horizontal=&#8221;0px&#8221; box_shadow_vertical=&#8221;20px&#8221; box_shadow_blur=&#8221;40px&#8221; box_shadow_color=&#8221;rgba(0,0,0,0.12)&#8221; global_colors_info=&#8221;{%22gcid-f0ea3984-34c6-490b-8ec9-14422edca868%22:%91%22background_color%22%93}&#8221;][\/et_pb_column][\/et_pb_row][et_pb_row _builder_version=&#8221;4.27.4&#8243; _module_preset=&#8221;default&#8221; column_structure=&#8221;1_2,1_2&#8243;][et_pb_column _builder_version=&#8221;4.27.4&#8243; _module_preset=&#8221;default&#8221; type=&#8221;1_2&#8243;][et_pb_image src=&#8221;https:\/\/www.basiqdental.com\/wp-content\/uploads\/2026\/01\/Banner-BF-396.52&#215;198.25px-ENG-IE.jpg&#8221; _builder_version=&#8221;4.27.4&#8243; _module_preset=&#8221;default&#8221; title_text=&#8221;Basiq Flow&#8221; hover_enabled=&#8221;0&#8243; sticky_enabled=&#8221;0&#8243; custom_padding=&#8221;|6px||||&#8221; align=&#8221;center&#8221; url=&#8221;https:\/\/basiqflow.com\/en\/&#8221; url_new_window=&#8221;on&#8221;][\/et_pb_image][\/et_pb_column][et_pb_column _builder_version=&#8221;4.27.4&#8243; _module_preset=&#8221;default&#8221; type=&#8221;1_2&#8243;][et_pb_image src=&#8221;https:\/\/www.basiqdental.com\/wp-content\/uploads\/2026\/01\/Banner-PURE-396.52&#215;198.25px.jpg&#8221; _builder_version=&#8221;4.27.4&#8243; _module_preset=&#8221;default&#8221; title_text=&#8221;PURE&#8221; hover_enabled=&#8221;0&#8243; sticky_enabled=&#8221;0&#8243; align=&#8221;center&#8221; url=&#8221;https:\/\/puredental.eu\/en\/&#8221; url_new_window=&#8221;on&#8221;][\/et_pb_image][\/et_pb_column][\/et_pb_row][\/et_pb_section]<\/p>\n","protected":false},"excerpt":{"rendered":"<p>Basiq Dental NederlandBasiq Dental Belgi\u00ebBasiq Dental BelgiqueBasiq Dental DeutschlandBasiq Dental \u00d6sterreichBasiq Dental DanmarkBasiq Dental IrelandBasiq Dental Espa\u00f1aBasiq Dental LuxembourgBasiq Dental SverigeBasiq Dental Rest of Europe<\/p>\n","protected":false},"author":1,"featured_media":0,"parent":0,"menu_order":0,"comment_status":"closed","ping_status":"closed","template":"","meta":{"_et_pb_use_builder":"on","_et_pb_old_content":"","_et_gb_content_width":"","footnotes":""},"class_list":["post-887","page","type-page","status-publish","hentry"],"_links":{"self":[{"href":"https:\/\/vh2019xxfmj-0.hosting-space.nl\/index.php?rest_route=\/wp\/v2\/pages\/887","targetHints":{"allow":["GET"]}}],"collection":[{"href":"https:\/\/vh2019xxfmj-0.hosting-space.nl\/index.php?rest_route=\/wp\/v2\/pages"}],"about":[{"href":"https:\/\/vh2019xxfmj-0.hosting-space.nl\/index.php?rest_route=\/wp\/v2\/types\/page"}],"author":[{"embeddable":true,"href":"https:\/\/vh2019xxfmj-0.hosting-space.nl\/index.php?rest_route=\/wp\/v2\/users\/1"}],"replies":[{"embeddable":true,"href":"https:\/\/vh2019xxfmj-0.hosting-space.nl\/index.php?rest_route=%2Fwp%2Fv2%2Fcomments&post=887"}],"version-history":[{"count":35,"href":"https:\/\/vh2019xxfmj-0.hosting-space.nl\/index.php?rest_route=\/wp\/v2\/pages\/887\/revisions"}],"predecessor-version":[{"id":976,"href":"https:\/\/vh2019xxfmj-0.hosting-space.nl\/index.php?rest_route=\/wp\/v2\/pages\/887\/revisions\/976"}],"wp:attachment":[{"href":"https:\/\/vh2019xxfmj-0.hosting-space.nl\/index.php?rest_route=%2Fwp%2Fv2%2Fmedia&parent=887"}],"curies":[{"name":"wp","href":"https:\/\/api.w.org\/{rel}","templated":true}]}}